{"id":7,"date":"2025-05-13T13:52:22","date_gmt":"2025-05-13T13:52:22","guid":{"rendered":"https:\/\/xinity.com\/?page_id=7"},"modified":"2025-05-13T14:12:53","modified_gmt":"2025-05-13T14:12:53","slug":"impress","status":"publish","type":"page","link":"https:\/\/xinity.com\/index.php\/impress\/","title":{"rendered":"Impress"},"content":{"rendered":"\n<h2 class=\"wp-block-heading\">\ud83c\uddea\ud83c\uddea\u202fKontaktandmed \/ Teenuse osutaja<\/h2>\n\n\n\n<p>Teenuse osutaja Info\u00fchiskonna teenuste seaduse (\u00a7\u202f4) t\u00e4henduses<br><strong>Xinity\u202fO\u00dc<\/strong><br>Sakala\u202ftn\u202f7\u20112<br>10141\u202fTallinn<br>Eesti<\/p>\n\n\n\n<p>Esindus\u00f5iguslik isik: Martin Kadlec<br>Registrikood: <strong>16853348 <\/strong>(<em>\u00c4riregister<\/em>)<br>K\u00e4ibemaksukohustuslase number: <strong>EE102680069<\/strong><\/p>\n\n\n\n<p>Kontakt:<br>E\u2011post:<strong> <\/strong>info@xinity.com<br>Sisu eest vastutav isik: Martin Kadlec<\/p>\n\n\n\n<p><\/p>\n\n\n\n<p><\/p>\n\n\n\n<h3 class=\"wp-block-heading\">\ud83c\uddec\ud83c\udde7 <strong>Legal Notice (Provider Identification)<\/strong><\/h3>\n\n\n\n<p><strong>Service provider<\/strong> \/ <strong>Agancy<\/strong><\/p>\n\n\n\n<p><strong>Xinity\u202fO\u00dc<\/strong><br>Sakala\u202ftn\u202f7\u20112<br>EE\u201110141\u202fTallinn<br>Estonia<\/p>\n\n\n\n<p>Represented by: Martin Kadlec<br>Commercial Register of Estonia \u2013 Registry code: <strong>16853348<\/strong><br>VAT\u2011ID: <strong>EE102680069<\/strong><\/p>\n\n\n\n<p>Contact<br>E\u2011mail: info@xinity.com<br><\/p>\n\n\n\n<p><\/p>\n\n\n\n<p><\/p>\n\n\n\n<h2 class=\"wp-block-heading\">\ud83c\udde9\ud83c\uddea\u202fImpressum \/ Anbieterkennzeichnung<\/h2>\n\n\n\n<p>Diensteanbieter \/ Agentur<br><strong>Xinity\u202fO\u00dc<\/strong><br>Sakala\u202ftn\u202f7\u20112<br>EE\u201110141\u202fTallinn<br>Estland<\/p>\n\n\n\n<p>Vertreten durch: Martin Kadlec<br>Handelsregister: <em>Commercial Register of Estonia<\/em>, Registry Code <strong>16853348<\/strong><br>Umsatzsteuer\u2011ID (\u00a7\u202f27a\u202fUStG): <strong>EE102680069<\/strong><\/p>\n\n\n\n<p>Kontakt:<br>E\u2011Mail:<strong> <\/strong>info@xinity.com<\/p>\n\n\n\n<p><\/p>\n","protected":false},"excerpt":{"rendered":"<p>\ud83c\uddea\ud83c\uddea\u202fKontaktandmed \/ Teenuse osutaja Teenuse osutaja Info\u00fchiskonna teenuste seaduse (\u00a7\u202f4) t\u00e4hendusesXinity\u202fO\u00dcSakala\u202ftn\u202f7\u2011210141\u202fTallinnEesti Esindus\u00f5iguslik isik: Martin KadlecRegistrikood: 16853348 (\u00c4riregister)K\u00e4ibemaksukohustuslase number: EE102680069 Kontakt:E\u2011post: info@xinity.comSisu eest vastutav isik: Martin Kadlec \ud83c\uddec\ud83c\udde7 Legal Notice (Provider Identification) Service provider \/ Agancy Xinity\u202fO\u00dcSakala\u202ftn\u202f7\u20112EE\u201110141\u202fTallinnEstonia Represented by: Martin KadlecCommercial Register of Estonia \u2013 Registry code: 16853348VAT\u2011ID: EE102680069 ContactE\u2011mail: info@xinity.com \ud83c\udde9\ud83c\uddea\u202fImpressum \/ Anbieterkennzeichnung Diensteanbieter \/ [&hellip;]<\/p>\n","protected":false},"author":1,"featured_media":0,"parent":0,"menu_order":0,"comment_status":"closed","ping_status":"closed","template":"","meta":{"footnotes":""},"class_list":["post-7","page","type-page","status-publish","hentry"],"_links":{"self":[{"href":"https:\/\/xinity.com\/index.php\/wp-json\/wp\/v2\/pages\/7","targetHints":{"allow":["GET"]}}],"collection":[{"href":"https:\/\/xinity.com\/index.php\/wp-json\/wp\/v2\/pages"}],"about":[{"href":"https:\/\/xinity.com\/index.php\/wp-json\/wp\/v2\/types\/page"}],"author":[{"embeddable":true,"href":"https:\/\/xinity.com\/index.php\/wp-json\/wp\/v2\/users\/1"}],"replies":[{"embeddable":true,"href":"https:\/\/xinity.com\/index.php\/wp-json\/wp\/v2\/comments?post=7"}],"version-history":[{"count":6,"href":"https:\/\/xinity.com\/index.php\/wp-json\/wp\/v2\/pages\/7\/revisions"}],"predecessor-version":[{"id":16,"href":"https:\/\/xinity.com\/index.php\/wp-json\/wp\/v2\/pages\/7\/revisions\/16"}],"wp:attachment":[{"href":"https:\/\/xinity.com\/index.php\/wp-json\/wp\/v2\/media?parent=7"}],"curies":[{"name":"wp","href":"https:\/\/api.w.org\/{rel}","templated":true}]}}